{"id":260,"date":"2019-04-16T17:18:16","date_gmt":"2019-04-16T15:18:16","guid":{"rendered":"https:\/\/datenzuhause.at\/?page_id=260"},"modified":"2020-03-11T10:18:25","modified_gmt":"2020-03-11T09:18:25","slug":"impressum","status":"publish","type":"page","link":"https:\/\/www.soljoy.at\/?page_id=260","title":{"rendered":"Impressum"},"content":{"rendered":"<div  class=\"content-section content-section-spacing\" id=\"initial-content-section\" style=\"background-image: none; background-color: rgb(255, 255, 255);\" data-export-id=\"initial-content-section\" data-section-ov=\"1\" data-id=\"initial-content-section\" data-label=\"Initial Content\">\n   <div  class=\"gridContainer\">\n     <div  class=\"row\">\n\n        <div  class=\"col-xs-12 col-sm-12\">                <p ><\/p>\n<h2 >F\u00fcr den Inhalt verantwortlich<\/h2>\n<p ><\/p>\n<p ><\/p>\n<p ><strong >soljoy GmbH<\/strong><\/p>\n<p ><\/p>\n<p ><\/p>\n<p >Gesch\u00e4ftsf\u00fchrer: Michael Rumbold<\/p>\n<p ><\/p>\n<p ><\/p>\n<p >Unterthalstra\u00dfe 2<br >8051 Thal<\/p>\n<p ><\/p>\n<p ><\/p>\n<p >UID-Nr.: ATU62495437<\/p>\n<p ><\/p>\n<p ><\/p>\n<p >Firmenbuch Nr.: FN277461g<\/p>\n<p ><\/p>\n<p ><\/p>\n<h2 >Haftung<\/h2>\n<p ><\/p>\n<p ><\/p>\n<p >Der Autor dieser Webseiten ist bestrebt, die hier angebotenen Informationen nach bestem Wissen und Gewissen vollst\u00e4ndig und richtig darzustellen und aktuell zu halten. Dennoch kann er keinerlei Haftung f\u00fcr Sch\u00e4den \u00fcbernehmen, die sich aus der Nutzung der angebotenen Informationen ergeben k\u00f6nnen \u2013 auch wenn diese auf die Nutzung von allenfalls unvollst\u00e4ndigen bzw. fehlerhaften Informationen zur\u00fcckzuf\u00fchren sind. Verweise auf fremde Webseiten liegen au\u00dferhalb des Verantwortungsbereiches des Autors. Eine Haftung f\u00fcr die Inhalte von verlinkten Seiten ist ausgeschlossen, zumal der Autor keinen Einfluss auf Inhalte wie Gestaltung von gelinkten Seiten hat. F\u00fcr Inhalte von Seiten, auf welche von Seiten dieser Homepage verwiesen wird, haftet somit allein der Anbieter dieser fremden Webseiten \u2013 niemals jedoch derjenige, der durch einen Link auf fremde Publikationen und Inhalte verweist. Sollten gelinkte Seiten (insbesondere durch Ver\u00e4nderung der Inhalte nach dem Setzen des Links) illegale, fehlerhafte, unvollst\u00e4ndige, beleidigende oder sittenwidrige Informationen beinhalten und wird der Autor dieser Seite auf derartige Inhalte von gelinkten Seiten aufmerksam (gemacht), so wird er einen Link auf derartige Seiten unverz\u00fcglich unterbinden.<\/p>\n<p ><\/p>\n<p ><\/p>\n<h2 >Urheberrecht<\/h2>\n<p ><\/p>\n<p ><\/p>\n<p >Der Inhalt der vom Autor selbst erstellten Inhalte dieser Seiten ist urheberrechtlich&nbsp;\ngesch\u00fctzt. Jede den Bestimmungen des Urheberrechtsgesetzes widersprechende Verwendung jeglicher Inhalte dieser Webseiten \u2013 insbesondere die weitergehende Nutzung wie beispielsweise die Ver\u00f6ffentlichung, Vervielf\u00e4ltigung und jede Form von gewerblicher Nutzung sowie die Weitergabe an Dritte \u2013 auch in Teilen oder in \u00fcberarbeiteter Form \u2013 ohne ausdr\u00fcckliche Zustimmung des Autors ist untersagt. Davon ausgenommen sind ausdr\u00fccklich zum Download gekennzeichnete Dateien.<\/p>\n<p ><\/p>\n<p ><\/p>\n<h2 >Informationsgehalt<\/h2>\n<p ><\/p>\n<p ><\/p>\n<p >Die Informationen dieser Webseiten k\u00f6nnen ohne vorherige Ank\u00fcndigung<br >\nge\u00e4ndert, entfernt oder erg\u00e4nzt werden. Der Autor kann daher keine<br >\nGarantie f\u00fcr die Korrektheit, Vollst\u00e4ndigkeit oder Qualit\u00e4t und letzte<br >\nAktualit\u00e4t der bereitgestellten Informationen geben.<\/p>\n<p ><\/p>\n<p ><\/p>\n<h2 >Rechtswirksamkeit<\/h2>\n<p ><\/p>\n<p ><\/p>\n<p >Durch Nutzung dieser Webseiten unterliegt der Nutzer den gegenst\u00e4ndlichen<br >\nBen\u00fctzungsbedingungen. Diese sind Teil des WWW-Angebotes. Sofern Teile<br >\noder einzelne Formulierungen der Ben\u00fctzungsbedingungen der geltenden<br >\nRechtslage nicht, nicht mehr oder nicht vollst\u00e4ndig entsprechen sollten,<br >\n bleiben die \u00fcbrigen Teile der Ben\u00fctzungsbedingungen in ihrem Inhalt und<br >\n ihrer G\u00fcltigkeit davon unber\u00fchrt.<\/p>\n<p ><\/p>\n\n          <\/div>\n      <\/div>\n  <\/div>\n<\/div>","protected":false},"excerpt":{"rendered":"<p>F\u00fcr den Inhalt verantwortlich soljoy GmbH Gesch\u00e4ftsf\u00fchrer: Michael Rumbold Unterthalstra\u00dfe 28051 Thal UID-Nr.: ATU62495437 Firmenbuch Nr.: FN277461g Haftung Der Autor dieser Webseiten ist bestrebt, die hier angebotenen Informationen nach bestem Wissen und Gewissen vollst\u00e4ndig und richtig darzustellen und aktuell zu halten. Dennoch kann er keinerlei Haftung f\u00fcr Sch\u00e4den \u00fcbernehmen, die sich aus der Nutzung der&hellip; <br \/> <a class=\"read-more\" href=\"https:\/\/www.soljoy.at\/?page_id=260\">Read more<\/a><\/p>\n","protected":false},"author":1,"featured_media":0,"parent":0,"menu_order":0,"comment_status":"closed","ping_status":"closed","template":"pro\/page-templates\/full-width-page.php","meta":{"footnotes":""},"class_list":["post-260","page","type-page","status-publish","hentry"],"_links":{"self":[{"href":"https:\/\/www.soljoy.at\/index.php?rest_route=\/wp\/v2\/pages\/260","targetHints":{"allow":["GET"]}}],"collection":[{"href":"https:\/\/www.soljoy.at\/index.php?rest_route=\/wp\/v2\/pages"}],"about":[{"href":"https:\/\/www.soljoy.at\/index.php?rest_route=\/wp\/v2\/types\/page"}],"author":[{"embeddable":true,"href":"https:\/\/www.soljoy.at\/index.php?rest_route=\/wp\/v2\/users\/1"}],"replies":[{"embeddable":true,"href":"https:\/\/www.soljoy.at\/index.php?rest_route=%2Fwp%2Fv2%2Fcomments&post=260"}],"version-history":[{"count":12,"href":"https:\/\/www.soljoy.at\/index.php?rest_route=\/wp\/v2\/pages\/260\/revisions"}],"predecessor-version":[{"id":1301,"href":"https:\/\/www.soljoy.at\/index.php?rest_route=\/wp\/v2\/pages\/260\/revisions\/1301"}],"wp:attachment":[{"href":"https:\/\/www.soljoy.at\/index.php?rest_route=%2Fwp%2Fv2%2Fmedia&parent=260"}],"curies":[{"name":"wp","href":"https:\/\/api.w.org\/{rel}","templated":true}]}}